{"id":2436,"date":"2024-01-23T09:22:15","date_gmt":"2024-01-23T09:22:15","guid":{"rendered":"https:\/\/learning.nichemarketfarming.eu\/niszowe-rynki-zywnosci-z-chnp-chog-gts-i-oznaczeniami-geograficznymi-wysokiej-jakosci\/fragebogen-2"},"modified":"2024-02-05T09:29:09","modified_gmt":"2024-02-05T09:29:09","slug":"fragebogen-2","status":"publish","type":"page","link":"https:\/\/learning.nichemarketfarming.eu\/pl\/niszowe-rynki-zywnosci-z-chnp-chog-gts-i-oznaczeniami-geograficznymi-wysokiej-jakosci\/fragebogen-2","title":{"rendered":"Fragebogen 2"},"content":{"rendered":"\t\t<div data-elementor-type=\"wp-page\" data-elementor-id=\"2436\" class=\"elementor elementor-2436 elementor-2104\" data-elementor-post-type=\"page\">\n\t\t\t\t\t\t<section data-dce-background-image-url=\"https:\/\/learning.nichemarketfarming.eu\/wp-content\/uploads\/2023\/04\/NMF01.png\" class=\"elementor-section elementor-top-section elementor-element elementor-element-871f583 elementor-section-height-min-height elementor-section-boxed elementor-section-height-default elementor-section-items-middle\" data-id=\"871f583\" data-element_type=\"section\" data-settings=\"{&quot;background_background&quot;:&quot;classic&quot;}\">\n\t\t\t\t\t\t<div class=\"elementor-container elementor-column-gap-default\">\n\t\t\t\t\t<div class=\"elementor-column elementor-col-50 elementor-top-column elementor-element elementor-element-13316de\" data-id=\"13316de\" data-element_type=\"column\">\n\t\t\t<div class=\"elementor-widget-wrap elementor-element-populated\">\n\t\t\t\t\t\t<div class=\"elementor-element elementor-element-660a80f elementor-widget elementor-widget-heading\" data-id=\"660a80f\" data-element_type=\"widget\" data-widget_type=\"heading.default\">\n\t\t\t\t<div class=\"elementor-widget-container\">\n\t\t\t<h6 class=\"elementor-heading-title elementor-size-default\"><a href=\"https:\/\/learning.nichemarketfarming.eu\/pdo-pgi-tsg-and-quality-geographical-indication-food-niche-market\">Niszowe rynki \u017cywno\u015bci z ChNP, ChOG, GTS i oznaczeniami geograficznymi wysokiej jako\u015bci<\/a><\/h6>\t\t<\/div>\n\t\t\t\t<\/div>\n\t\t\t\t\t<\/div>\n\t\t<\/div>\n\t\t\t\t<div class=\"elementor-column elementor-col-50 elementor-top-column elementor-element elementor-element-bdccbf1\" data-id=\"bdccbf1\" data-element_type=\"column\">\n\t\t\t<div class=\"elementor-widget-wrap\">\n\t\t\t\t\t\t\t<\/div>\n\t\t<\/div>\n\t\t\t\t\t<\/div>\n\t\t<\/section>\n\t\t<div class=\"elementor-element elementor-element-847767f e-flex e-con-boxed e-con e-parent\" data-id=\"847767f\" data-element_type=\"container\" data-core-v316-plus=\"true\">\n\t\t\t\t\t<div class=\"e-con-inner\">\n\t\t\t\t<div class=\"elementor-element elementor-element-aa04ff3 elementor-widget elementor-widget-shortcode\" data-id=\"aa04ff3\" data-element_type=\"widget\" data-widget_type=\"shortcode.default\">\n\t\t\t\t<div class=\"elementor-widget-container\">\n\t\t\t\t\t<div class=\"elementor-shortcode\"><div class=\"h5p-iframe-wrapper\"><iframe id=\"h5p-iframe-24\" class=\"h5p-iframe\" data-content-id=\"24\" style=\"height:1px\" src=\"about:blank\" frameBorder=\"0\" scrolling=\"no\" title=\"Module 3 Quiz 2 PL\"><\/iframe><\/div><\/div>\n\t\t\t\t<\/div>\n\t\t\t\t<\/div>\n\t\t\t\t\t<\/div>\n\t\t\t\t<\/div>\n\t\t\t\t<\/div>\n\t\t","protected":false},"excerpt":{"rendered":"<p>Niszowe rynki \u017cywno\u015bci z ChNP, ChOG, GTS i oznaczeniami geograficznymi wysokiej jako\u015bci<\/p>\n","protected":false},"author":2,"featured_media":0,"parent":2373,"menu_order":0,"comment_status":"closed","ping_status":"closed","template":"elementor_header_footer","meta":{"_acf_changed":false,"footnotes":""},"class_list":["post-2436","page","type-page","status-publish","hentry"],"acf":[],"yoast_head":"<!-- This site is optimized with the Yoast SEO plugin v22.2 - https:\/\/yoast.com\/wordpress\/plugins\/seo\/ -->\n<title>Fragebogen 2 - Learning - Niche Market Farming<\/title>\n<meta name=\"robots\" content=\"index, follow, max-snippet:-1, max-image-preview:large, max-video-preview:-1\" \/>\n<link rel=\"canonical\" href=\"https:\/\/learning.nichemarketfarming.eu\/pdo-pgi-tsg-and-quality-geographical-indication-food-niche-market\/questionnaire-2\" \/>\n<meta property=\"og:locale\" content=\"pl_PL\" \/>\n<meta property=\"og:type\" content=\"article\" \/>\n<meta property=\"og:title\" content=\"Fragebogen 2 - Learning - Niche Market Farming\" \/>\n<meta property=\"og:description\" content=\"Niszowe rynki \u017cywno\u015bci z ChNP, ChOG, GTS i oznaczeniami geograficznymi wysokiej jako\u015bci\" \/>\n<meta property=\"og:url\" content=\"https:\/\/learning.nichemarketfarming.eu\/pdo-pgi-tsg-and-quality-geographical-indication-food-niche-market\/questionnaire-2\" \/>\n<meta property=\"og:site_name\" content=\"Learning - Niche Market Farming\" \/>\n<meta property=\"article:modified_time\" content=\"2024-02-05T09:29:09+00:00\" \/>\n<meta name=\"twitter:card\" content=\"summary_large_image\" \/>\n<script type=\"application\/ld+json\" class=\"yoast-schema-graph\">{\"@context\":\"https:\/\/schema.org\",\"@graph\":[{\"@type\":\"WebPage\",\"@id\":\"https:\/\/learning.nichemarketfarming.eu\/pdo-pgi-tsg-and-quality-geographical-indication-food-niche-market\/questionnaire-2\",\"url\":\"https:\/\/learning.nichemarketfarming.eu\/pdo-pgi-tsg-and-quality-geographical-indication-food-niche-market\/questionnaire-2\",\"name\":\"Fragebogen 2 - Learning - Niche Market Farming\",\"isPartOf\":{\"@id\":\"https:\/\/learning.nichemarketfarming.eu\/#website\"},\"datePublished\":\"2024-01-23T09:22:15+00:00\",\"dateModified\":\"2024-02-05T09:29:09+00:00\",\"breadcrumb\":{\"@id\":\"https:\/\/learning.nichemarketfarming.eu\/pdo-pgi-tsg-and-quality-geographical-indication-food-niche-market\/questionnaire-2#breadcrumb\"},\"inLanguage\":\"pl-PL\",\"potentialAction\":[{\"@type\":\"ReadAction\",\"target\":[\"https:\/\/learning.nichemarketfarming.eu\/pdo-pgi-tsg-and-quality-geographical-indication-food-niche-market\/questionnaire-2\"]}]},{\"@type\":\"BreadcrumbList\",\"@id\":\"https:\/\/learning.nichemarketfarming.eu\/pdo-pgi-tsg-and-quality-geographical-indication-food-niche-market\/questionnaire-2#breadcrumb\",\"itemListElement\":[{\"@type\":\"ListItem\",\"position\":1,\"name\":\"Home\",\"item\":\"https:\/\/learning.nichemarketfarming.eu\/\"},{\"@type\":\"ListItem\",\"position\":2,\"name\":\"Niszowe rynki \u017cywno\u015bci z ChNP, ChOG, GTS i oznaczeniami geograficznymi wysokiej jako\u015bci\",\"item\":\"https:\/\/learning.nichemarketfarming.eu\/pdo-pgi-tsg-and-quality-geographical-indication-food-niche-market\"},{\"@type\":\"ListItem\",\"position\":3,\"name\":\"Fragebogen 2\"}]},{\"@type\":\"WebSite\",\"@id\":\"https:\/\/learning.nichemarketfarming.eu\/#website\",\"url\":\"https:\/\/learning.nichemarketfarming.eu\/\",\"name\":\"Learning - Niche Market Farming\",\"description\":\"\",\"publisher\":{\"@id\":\"https:\/\/learning.nichemarketfarming.eu\/#organization\"},\"potentialAction\":[{\"@type\":\"SearchAction\",\"target\":{\"@type\":\"EntryPoint\",\"urlTemplate\":\"https:\/\/learning.nichemarketfarming.eu\/?s={search_term_string}\"},\"query-input\":\"required name=search_term_string\"}],\"inLanguage\":\"pl-PL\"},{\"@type\":\"Organization\",\"@id\":\"https:\/\/learning.nichemarketfarming.eu\/#organization\",\"name\":\"Learning - Niche Market Farming\",\"url\":\"https:\/\/learning.nichemarketfarming.eu\/\",\"logo\":{\"@type\":\"ImageObject\",\"inLanguage\":\"pl-PL\",\"@id\":\"https:\/\/learning.nichemarketfarming.eu\/#\/schema\/logo\/image\/\",\"url\":\"https:\/\/learning.nichemarketfarming.eu\/wp-content\/uploads\/2023\/03\/Logotype_NMF.png\",\"contentUrl\":\"https:\/\/learning.nichemarketfarming.eu\/wp-content\/uploads\/2023\/03\/Logotype_NMF.png\",\"width\":1118,\"height\":502,\"caption\":\"Learning - Niche Market Farming\"},\"image\":{\"@id\":\"https:\/\/learning.nichemarketfarming.eu\/#\/schema\/logo\/image\/\"}}]}<\/script>\n<!-- \/ Yoast SEO plugin. -->","yoast_head_json":{"title":"Fragebogen 2 - Learning - Niche Market Farming","robots":{"index":"index","follow":"follow","max-snippet":"max-snippet:-1","max-image-preview":"max-image-preview:large","max-video-preview":"max-video-preview:-1"},"canonical":"https:\/\/learning.nichemarketfarming.eu\/pdo-pgi-tsg-and-quality-geographical-indication-food-niche-market\/questionnaire-2","og_locale":"pl_PL","og_type":"article","og_title":"Fragebogen 2 - Learning - Niche Market Farming","og_description":"Niszowe rynki \u017cywno\u015bci z ChNP, ChOG, GTS i oznaczeniami geograficznymi wysokiej jako\u015bci","og_url":"https:\/\/learning.nichemarketfarming.eu\/pdo-pgi-tsg-and-quality-geographical-indication-food-niche-market\/questionnaire-2","og_site_name":"Learning - Niche Market Farming","article_modified_time":"2024-02-05T09:29:09+00:00","twitter_card":"summary_large_image","schema":{"@context":"https:\/\/schema.org","@graph":[{"@type":"WebPage","@id":"https:\/\/learning.nichemarketfarming.eu\/pdo-pgi-tsg-and-quality-geographical-indication-food-niche-market\/questionnaire-2","url":"https:\/\/learning.nichemarketfarming.eu\/pdo-pgi-tsg-and-quality-geographical-indication-food-niche-market\/questionnaire-2","name":"Fragebogen 2 - Learning - Niche Market Farming","isPartOf":{"@id":"https:\/\/learning.nichemarketfarming.eu\/#website"},"datePublished":"2024-01-23T09:22:15+00:00","dateModified":"2024-02-05T09:29:09+00:00","breadcrumb":{"@id":"https:\/\/learning.nichemarketfarming.eu\/pdo-pgi-tsg-and-quality-geographical-indication-food-niche-market\/questionnaire-2#breadcrumb"},"inLanguage":"pl-PL","potentialAction":[{"@type":"ReadAction","target":["https:\/\/learning.nichemarketfarming.eu\/pdo-pgi-tsg-and-quality-geographical-indication-food-niche-market\/questionnaire-2"]}]},{"@type":"BreadcrumbList","@id":"https:\/\/learning.nichemarketfarming.eu\/pdo-pgi-tsg-and-quality-geographical-indication-food-niche-market\/questionnaire-2#breadcrumb","itemListElement":[{"@type":"ListItem","position":1,"name":"Home","item":"https:\/\/learning.nichemarketfarming.eu\/"},{"@type":"ListItem","position":2,"name":"Niszowe rynki \u017cywno\u015bci z ChNP, ChOG, GTS i oznaczeniami geograficznymi wysokiej jako\u015bci","item":"https:\/\/learning.nichemarketfarming.eu\/pdo-pgi-tsg-and-quality-geographical-indication-food-niche-market"},{"@type":"ListItem","position":3,"name":"Fragebogen 2"}]},{"@type":"WebSite","@id":"https:\/\/learning.nichemarketfarming.eu\/#website","url":"https:\/\/learning.nichemarketfarming.eu\/","name":"Learning - Niche Market Farming","description":"","publisher":{"@id":"https:\/\/learning.nichemarketfarming.eu\/#organization"},"potentialAction":[{"@type":"SearchAction","target":{"@type":"EntryPoint","urlTemplate":"https:\/\/learning.nichemarketfarming.eu\/?s={search_term_string}"},"query-input":"required name=search_term_string"}],"inLanguage":"pl-PL"},{"@type":"Organization","@id":"https:\/\/learning.nichemarketfarming.eu\/#organization","name":"Learning - Niche Market Farming","url":"https:\/\/learning.nichemarketfarming.eu\/","logo":{"@type":"ImageObject","inLanguage":"pl-PL","@id":"https:\/\/learning.nichemarketfarming.eu\/#\/schema\/logo\/image\/","url":"https:\/\/learning.nichemarketfarming.eu\/wp-content\/uploads\/2023\/03\/Logotype_NMF.png","contentUrl":"https:\/\/learning.nichemarketfarming.eu\/wp-content\/uploads\/2023\/03\/Logotype_NMF.png","width":1118,"height":502,"caption":"Learning - Niche Market Farming"},"image":{"@id":"https:\/\/learning.nichemarketfarming.eu\/#\/schema\/logo\/image\/"}}]}},"_links":{"self":[{"href":"https:\/\/learning.nichemarketfarming.eu\/pl\/wp-json\/wp\/v2\/pages\/2436","targetHints":{"allow":["GET"]}}],"collection":[{"href":"https:\/\/learning.nichemarketfarming.eu\/pl\/wp-json\/wp\/v2\/pages"}],"about":[{"href":"https:\/\/learning.nichemarketfarming.eu\/pl\/wp-json\/wp\/v2\/types\/page"}],"author":[{"embeddable":true,"href":"https:\/\/learning.nichemarketfarming.eu\/pl\/wp-json\/wp\/v2\/users\/2"}],"replies":[{"embeddable":true,"href":"https:\/\/learning.nichemarketfarming.eu\/pl\/wp-json\/wp\/v2\/comments?post=2436"}],"version-history":[{"count":4,"href":"https:\/\/learning.nichemarketfarming.eu\/pl\/wp-json\/wp\/v2\/pages\/2436\/revisions"}],"predecessor-version":[{"id":2508,"href":"https:\/\/learning.nichemarketfarming.eu\/pl\/wp-json\/wp\/v2\/pages\/2436\/revisions\/2508"}],"up":[{"embeddable":true,"href":"https:\/\/learning.nichemarketfarming.eu\/pl\/wp-json\/wp\/v2\/pages\/2373"}],"wp:attachment":[{"href":"https:\/\/learning.nichemarketfarming.eu\/pl\/wp-json\/wp\/v2\/media?parent=2436"}],"curies":[{"name":"wp","href":"https:\/\/api.w.org\/{rel}","templated":true}]}}